{"id":2098,"date":"2026-03-05T09:05:11","date_gmt":"2026-03-05T09:05:11","guid":{"rendered":"https:\/\/song1.de\/?page_id=2098"},"modified":"2026-03-05T09:05:11","modified_gmt":"2026-03-05T09:05:11","slug":"content-policy-und-community-guidelines","status":"publish","type":"page","link":"https:\/\/song1.de\/index.php\/content-policy-und-community-guidelines\/","title":{"rendered":"Content Policy und Community Guidelines"},"content":{"rendered":"<h1 data-start=\"426\" data-end=\"469\">Content Policy und Community Guidelines<\/h1>\n<h2 data-start=\"470\" data-end=\"491\">Plattform Song1.de<\/h2>\n<p data-start=\"493\" data-end=\"631\">Diese Content Policy regelt, welche Inhalte auf der Plattform <strong data-start=\"555\" data-end=\"567\">Song1.de<\/strong> ver\u00f6ffentlicht werden d\u00fcrfen und welche Inhalte untersagt sind.<\/p>\n<p data-start=\"633\" data-end=\"687\">Sie erg\u00e4nzt die <strong data-start=\"649\" data-end=\"686\">Nutzungsbedingungen der Plattform<\/strong>.<\/p>\n<p data-start=\"689\" data-end=\"805\">Ziel dieser Richtlinie ist es, eine sichere, rechtm\u00e4\u00dfige und respektvolle Umgebung f\u00fcr alle Nutzer zu gew\u00e4hrleisten.<\/p>\n<hr data-start=\"807\" data-end=\"810\" \/>\n<h1 data-start=\"812\" data-end=\"826\">1. Grundsatz<\/h1>\n<p data-start=\"828\" data-end=\"1016\">Nutzer d\u00fcrfen auf der Plattform ausschlie\u00dflich Inhalte ver\u00f6ffentlichen, an denen sie die erforderlichen Rechte besitzen und die nicht gegen geltendes Recht oder diese Richtlinie versto\u00dfen.<\/p>\n<p data-start=\"1018\" data-end=\"1108\">Die Verantwortung f\u00fcr ver\u00f6ffentlichte Inhalte liegt ausschlie\u00dflich beim jeweiligen Nutzer.<\/p>\n<p data-start=\"1110\" data-end=\"1193\">Die Betreiberin der Plattform stellt lediglich die technische Infrastruktur bereit.<\/p>\n<hr data-start=\"1195\" data-end=\"1198\" \/>\n<h1 data-start=\"1200\" data-end=\"1221\">2. Erlaubte Inhalte<\/h1>\n<p data-start=\"1223\" data-end=\"1250\">Grunds\u00e4tzlich erlaubt sind:<\/p>\n<ul data-start=\"1252\" data-end=\"1417\">\n<li data-start=\"1252\" data-end=\"1273\">\n<p data-start=\"1254\" data-end=\"1273\">eigene Musikwerke<\/p>\n<\/li>\n<li data-start=\"1274\" data-end=\"1303\">\n<p data-start=\"1276\" data-end=\"1303\">KI-generierte Musikst\u00fccke<\/p>\n<\/li>\n<li data-start=\"1304\" data-end=\"1373\">\n<p data-start=\"1306\" data-end=\"1373\">Musikwerke, an denen der Nutzer die erforderlichen Rechte besitzt<\/p>\n<\/li>\n<li data-start=\"1374\" data-end=\"1417\">\n<p data-start=\"1376\" data-end=\"1417\">kreative und experimentelle Musikformate.<\/p>\n<\/li>\n<\/ul>\n<p data-start=\"1419\" data-end=\"1492\">Der Nutzer muss sicherstellen, dass keine Rechte Dritter verletzt werden.<\/p>\n<hr data-start=\"1494\" data-end=\"1497\" \/>\n<h1 data-start=\"1499\" data-end=\"1521\">3. Verbotene Inhalte<\/h1>\n<p data-start=\"1523\" data-end=\"1576\">Die Ver\u00f6ffentlichung folgender Inhalte ist untersagt:<\/p>\n<h3 data-start=\"1578\" data-end=\"1611\">3.1 Urheberrechtsverletzungen<\/h3>\n<p data-start=\"1613\" data-end=\"1645\">Nicht erlaubt sind insbesondere:<\/p>\n<ul data-start=\"1647\" data-end=\"1808\">\n<li data-start=\"1647\" data-end=\"1683\">\n<p data-start=\"1649\" data-end=\"1683\">Upload fremder Musik ohne Rechte<\/p>\n<\/li>\n<li data-start=\"1684\" data-end=\"1709\">\n<p data-start=\"1686\" data-end=\"1709\">unlizenzierte Samples<\/p>\n<\/li>\n<li data-start=\"1710\" data-end=\"1751\">\n<p data-start=\"1712\" data-end=\"1751\">vollst\u00e4ndige Kopien bestehender Werke<\/p>\n<\/li>\n<li data-start=\"1752\" data-end=\"1808\">\n<p data-start=\"1754\" data-end=\"1808\">Werke, deren Nutzung gegen Lizenzbedingungen verst\u00f6\u00dft.<\/p>\n<\/li>\n<\/ul>\n<hr data-start=\"1810\" data-end=\"1813\" \/>\n<h3 data-start=\"1815\" data-end=\"1844\">3.2 Rechtswidrige Inhalte<\/h3>\n<p data-start=\"1846\" data-end=\"1919\">Verboten sind Inhalte, die gegen geltendes Recht versto\u00dfen, insbesondere:<\/p>\n<ul data-start=\"1921\" data-end=\"2043\">\n<li data-start=\"1921\" data-end=\"1942\">\n<p data-start=\"1923\" data-end=\"1942\">strafbare Inhalte<\/p>\n<\/li>\n<li data-start=\"1943\" data-end=\"1967\">\n<p data-start=\"1945\" data-end=\"1967\">Gewaltverherrlichung<\/p>\n<\/li>\n<li data-start=\"1968\" data-end=\"1987\">\n<p data-start=\"1970\" data-end=\"1987\">Volksverhetzung<\/p>\n<\/li>\n<li data-start=\"1988\" data-end=\"2017\">\n<p data-start=\"1990\" data-end=\"2017\">extremistische Propaganda<\/p>\n<\/li>\n<li data-start=\"2018\" data-end=\"2043\">\n<p data-start=\"2020\" data-end=\"2043\">terroristische Inhalte.<\/p>\n<\/li>\n<\/ul>\n<hr data-start=\"2045\" data-end=\"2048\" \/>\n<h3 data-start=\"2050\" data-end=\"2091\">3.3 Pers\u00f6nlichkeitsrechtsverletzungen<\/h3>\n<p data-start=\"2093\" data-end=\"2125\">Nicht erlaubt sind Inhalte, die:<\/p>\n<ul data-start=\"2127\" data-end=\"2213\">\n<li data-start=\"2127\" data-end=\"2157\">\n<p data-start=\"2129\" data-end=\"2157\">andere Personen beleidigen<\/p>\n<\/li>\n<li data-start=\"2158\" data-end=\"2172\">\n<p data-start=\"2160\" data-end=\"2172\">verleumden<\/p>\n<\/li>\n<li data-start=\"2173\" data-end=\"2213\">\n<p data-start=\"2175\" data-end=\"2213\">deren Pers\u00f6nlichkeitsrechte verletzen.<\/p>\n<\/li>\n<\/ul>\n<hr data-start=\"2215\" data-end=\"2218\" \/>\n<h3 data-start=\"2220\" data-end=\"2249\">3.4 Spam und Manipulation<\/h3>\n<p data-start=\"2251\" data-end=\"2279\">Untersagt sind insbesondere:<\/p>\n<ul data-start=\"2281\" data-end=\"2377\">\n<li data-start=\"2281\" data-end=\"2318\">\n<p data-start=\"2283\" data-end=\"2318\">k\u00fcnstliche Streaming-Manipulation<\/p>\n<\/li>\n<li data-start=\"2319\" data-end=\"2334\">\n<p data-start=\"2321\" data-end=\"2334\">Bot-Nutzung<\/p>\n<\/li>\n<li data-start=\"2335\" data-end=\"2361\">\n<p data-start=\"2337\" data-end=\"2361\">automatisierte Uploads<\/p>\n<\/li>\n<li data-start=\"2362\" data-end=\"2377\">\n<p data-start=\"2364\" data-end=\"2377\">Spam-Inhalte.<\/p>\n<\/li>\n<\/ul>\n<hr data-start=\"2379\" data-end=\"2382\" \/>\n<h1 data-start=\"2384\" data-end=\"2410\">4. KI-generierte Inhalte<\/h1>\n<p data-start=\"2412\" data-end=\"2459\">KI-generierte Musik ist grunds\u00e4tzlich zul\u00e4ssig.<\/p>\n<p data-start=\"2461\" data-end=\"2504\">Der Nutzer muss jedoch sicherstellen, dass:<\/p>\n<ul data-start=\"2506\" data-end=\"2679\">\n<li data-start=\"2506\" data-end=\"2546\">\n<p data-start=\"2508\" data-end=\"2546\">keine Rechte Dritter verletzt werden<\/p>\n<\/li>\n<li data-start=\"2547\" data-end=\"2606\">\n<p data-start=\"2549\" data-end=\"2606\">keine urheberrechtlich gesch\u00fctzten Werke kopiert werden<\/p>\n<\/li>\n<li data-start=\"2607\" data-end=\"2679\">\n<p data-start=\"2609\" data-end=\"2679\">die Nutzungsbedingungen der verwendeten KI-Systeme eingehalten werden.<\/p>\n<\/li>\n<\/ul>\n<p data-start=\"2681\" data-end=\"2773\">Die Plattform \u00fcbernimmt keine Gew\u00e4hr f\u00fcr die rechtliche Zul\u00e4ssigkeit KI-generierter Inhalte.<\/p>\n<hr data-start=\"2775\" data-end=\"2778\" \/>\n<h1 data-start=\"2780\" data-end=\"2815\">5. Meldung von Rechtsverletzungen<\/h1>\n<p data-start=\"2817\" data-end=\"2930\">Rechteinhaber oder Nutzer k\u00f6nnen Inhalte melden, die gegen diese Richtlinie oder gegen geltendes Recht versto\u00dfen.<\/p>\n<p data-start=\"2932\" data-end=\"2962\">Eine Meldung sollte enthalten:<\/p>\n<ul data-start=\"2964\" data-end=\"3132\">\n<li data-start=\"2964\" data-end=\"3025\">\n<p data-start=\"2966\" data-end=\"3025\">den Link oder die Identifikation des betreffenden Inhalts<\/p>\n<\/li>\n<li data-start=\"3026\" data-end=\"3068\">\n<p data-start=\"3028\" data-end=\"3068\">eine Beschreibung der Rechtsverletzung<\/p>\n<\/li>\n<li data-start=\"3069\" data-end=\"3132\">\n<p data-start=\"3071\" data-end=\"3132\">einen Nachweis der Berechtigung (bei Urheberrechtsmeldungen).<\/p>\n<\/li>\n<\/ul>\n<p data-start=\"3134\" data-end=\"3233\">Die Betreiberin pr\u00fcft eingehende Meldungen und kann Inhalte vor\u00fcbergehend oder dauerhaft entfernen.<\/p>\n<hr data-start=\"3235\" data-end=\"3238\" \/>\n<h1 data-start=\"3240\" data-end=\"3265\">6. Moderationsma\u00dfnahmen<\/h1>\n<p data-start=\"3267\" data-end=\"3354\">Bei Verst\u00f6\u00dfen gegen diese Richtlinie kann die Betreiberin folgende Ma\u00dfnahmen ergreifen:<\/p>\n<ul data-start=\"3356\" data-end=\"3519\">\n<li data-start=\"3356\" data-end=\"3388\">\n<p data-start=\"3358\" data-end=\"3388\">Entfernung einzelner Inhalte<\/p>\n<\/li>\n<li data-start=\"3389\" data-end=\"3421\">\n<p data-start=\"3391\" data-end=\"3421\">Einschr\u00e4nkung von Funktionen<\/p>\n<\/li>\n<li data-start=\"3422\" data-end=\"3448\">\n<p data-start=\"3424\" data-end=\"3448\">Verwarnung des Nutzers<\/p>\n<\/li>\n<li data-start=\"3449\" data-end=\"3479\">\n<p data-start=\"3451\" data-end=\"3479\">vor\u00fcbergehende Kontosperre<\/p>\n<\/li>\n<li data-start=\"3480\" data-end=\"3519\">\n<p data-start=\"3482\" data-end=\"3519\">dauerhafte Sperrung des Nutzerkontos.<\/p>\n<\/li>\n<\/ul>\n<hr data-start=\"3521\" data-end=\"3524\" \/>\n<h1 data-start=\"3526\" data-end=\"3551\">7. Wiederholte Verst\u00f6\u00dfe<\/h1>\n<p data-start=\"3553\" data-end=\"3630\">Bei wiederholten Verst\u00f6\u00dfen kann ein Nutzerkonto dauerhaft deaktiviert werden.<\/p>\n<p data-start=\"3632\" data-end=\"3717\">Die Betreiberin beh\u00e4lt sich vor, Einnahmen aus rechtswidrigen Inhalten einzubehalten.<\/p>\n<hr data-start=\"3719\" data-end=\"3722\" \/>\n<h1 data-start=\"3724\" data-end=\"3748\">8. Haftung f\u00fcr Inhalte<\/h1>\n<p data-start=\"3750\" data-end=\"3822\">Die Verantwortung f\u00fcr hochgeladene Inhalte liegt beim jeweiligen Nutzer.<\/p>\n<p data-start=\"3824\" data-end=\"3922\">Die Betreiberin haftet nicht f\u00fcr Inhalte, die von Nutzern auf der Plattform ver\u00f6ffentlicht werden.<\/p>\n<hr data-start=\"3924\" data-end=\"3927\" \/>\n<h1 data-start=\"3929\" data-end=\"3962\">9. \u00c4nderungen dieser Richtlinie<\/h1>\n<p data-start=\"3964\" data-end=\"4025\">Die Betreiberin kann diese Content Policy jederzeit anpassen.<\/p>\n<p data-start=\"4027\" data-end=\"4080\">Nutzer werden \u00fcber wesentliche \u00c4nderungen informiert.<\/p>\n<hr data-start=\"4082\" data-end=\"4085\" \/>\n<h1 data-start=\"4087\" data-end=\"4120\">10. Kontaktstelle f\u00fcr Meldungen<\/h1>\n<p data-start=\"4122\" data-end=\"4203\">Meldungen \u00fcber rechtswidrige Inhalte k\u00f6nnen an folgende Adresse gerichtet werden:<\/p>\n<p data-start=\"4205\" data-end=\"4292\">Wolter-Rousseaux GmbH<br data-start=\"4226\" data-end=\"4229\" \/>Song1.de<br data-start=\"4237\" data-end=\"4240\" \/>Gutenbergring 41<br data-start=\"4256\" data-end=\"4259\" \/>22848 Norderstedt<br data-start=\"4276\" data-end=\"4279\" \/>Deutschland<\/p>\n<p data-start=\"4294\" data-end=\"4319\">E-Mail: <strong data-start=\"4302\" data-end=\"4319\"><a class=\"decorated-link cursor-pointer\" rel=\"noopener\" data-start=\"4304\" data-end=\"4317\">info@song1.de<\/a><\/strong><\/p>\n","protected":false},"excerpt":{"rendered":"<div class=\"mh-excerpt\">Content Policy und Community Guidelines Plattform Song1.de Diese Content Policy regelt, welche Inhalte auf der Plattform Song1.de ver\u00f6ffentlicht werden d\u00fcrfen und welche Inhalte untersagt sind. Sie erg\u00e4nzt die Nutzungsbedingungen der Plattform. Ziel dieser Richtlinie ist <a class=\"mh-excerpt-more\" href=\"https:\/\/song1.de\/index.php\/content-policy-und-community-guidelines\/\" title=\"Content Policy und Community Guidelines\">[&#8230;]<\/a><\/div>\n","protected":false},"author":1,"featured_media":0,"parent":0,"menu_order":0,"comment_status":"closed","ping_status":"closed","template":"template-full.php","meta":{"footnotes":""},"class_list":["post-2098","page","type-page","status-publish"],"_links":{"self":[{"href":"https:\/\/song1.de\/index.php\/wp-json\/wp\/v2\/pages\/2098","targetHints":{"allow":["GET"]}}],"collection":[{"href":"https:\/\/song1.de\/index.php\/wp-json\/wp\/v2\/pages"}],"about":[{"href":"https:\/\/song1.de\/index.php\/wp-json\/wp\/v2\/types\/page"}],"author":[{"embeddable":true,"href":"https:\/\/song1.de\/index.php\/wp-json\/wp\/v2\/users\/1"}],"replies":[{"embeddable":true,"href":"https:\/\/song1.de\/index.php\/wp-json\/wp\/v2\/comments?post=2098"}],"version-history":[{"count":1,"href":"https:\/\/song1.de\/index.php\/wp-json\/wp\/v2\/pages\/2098\/revisions"}],"predecessor-version":[{"id":2099,"href":"https:\/\/song1.de\/index.php\/wp-json\/wp\/v2\/pages\/2098\/revisions\/2099"}],"wp:attachment":[{"href":"https:\/\/song1.de\/index.php\/wp-json\/wp\/v2\/media?parent=2098"}],"curies":[{"name":"wp","href":"https:\/\/api.w.org\/{rel}","templated":true}]}}