{"id":2111,"date":"2026-03-05T09:13:47","date_gmt":"2026-03-05T09:13:47","guid":{"rendered":"https:\/\/song1.de\/?page_id=2111"},"modified":"2026-03-05T09:13:50","modified_gmt":"2026-03-05T09:13:50","slug":"trust-safety-policy","status":"publish","type":"page","link":"https:\/\/song1.de\/index.php\/trust-safety-policy\/","title":{"rendered":"Trust &#038; Safety Policy"},"content":{"rendered":"<h1 data-start=\"407\" data-end=\"432\">Trust &amp; Safety Policy<\/h1>\n<h2 data-start=\"433\" data-end=\"495\">Moderations- und Beschwerdeverfahren der Plattform Song1.de<\/h2>\n<p data-start=\"497\" data-end=\"665\">Diese Trust &amp; Safety Policy beschreibt, wie die Plattform <strong data-start=\"555\" data-end=\"567\">Song1.de<\/strong> mit gemeldeten Inhalten, m\u00f6glichen Rechtsverletzungen und Verst\u00f6\u00dfen gegen Plattformregeln umgeht.<\/p>\n<p data-start=\"667\" data-end=\"690\">Die Richtlinie erg\u00e4nzt:<\/p>\n<ul data-start=\"692\" data-end=\"766\">\n<li data-start=\"692\" data-end=\"719\">\n<p data-start=\"694\" data-end=\"719\">die Nutzungsbedingungen<\/p>\n<\/li>\n<li data-start=\"720\" data-end=\"742\">\n<p data-start=\"722\" data-end=\"742\">die Content Policy<\/p>\n<\/li>\n<li data-start=\"743\" data-end=\"766\">\n<p data-start=\"745\" data-end=\"766\">die Copyright Policy.<\/p>\n<\/li>\n<\/ul>\n<p data-start=\"768\" data-end=\"881\">Ziel dieser Regelungen ist es, eine sichere, rechtm\u00e4\u00dfige und transparente Nutzung der Plattform zu gew\u00e4hrleisten.<\/p>\n<hr data-start=\"883\" data-end=\"886\" \/>\n<h1 data-start=\"888\" data-end=\"923\">1. Grundprinzipien der Moderation<\/h1>\n<p data-start=\"925\" data-end=\"1005\">Die Moderation von Inhalten auf Song1.de erfolgt nach folgenden Grundprinzipien:<\/p>\n<ul data-start=\"1007\" data-end=\"1125\">\n<li data-start=\"1007\" data-end=\"1032\">\n<p data-start=\"1009\" data-end=\"1032\"><strong data-start=\"1009\" data-end=\"1030\">Rechtskonformit\u00e4t<\/strong><\/p>\n<\/li>\n<li data-start=\"1033\" data-end=\"1052\">\n<p data-start=\"1035\" data-end=\"1052\"><strong data-start=\"1035\" data-end=\"1050\">Transparenz<\/strong><\/p>\n<\/li>\n<li data-start=\"1053\" data-end=\"1080\">\n<p data-start=\"1055\" data-end=\"1080\"><strong data-start=\"1055\" data-end=\"1078\">Verh\u00e4ltnism\u00e4\u00dfigkeit<\/strong><\/p>\n<\/li>\n<li data-start=\"1081\" data-end=\"1125\">\n<p data-start=\"1083\" data-end=\"1125\"><strong data-start=\"1083\" data-end=\"1125\">Nachvollziehbarkeit von Entscheidungen<\/strong><\/p>\n<\/li>\n<\/ul>\n<p data-start=\"1127\" data-end=\"1174\">Moderationsma\u00dfnahmen erfolgen insbesondere bei:<\/p>\n<ul data-start=\"1176\" data-end=\"1301\">\n<li data-start=\"1176\" data-end=\"1211\">\n<p data-start=\"1178\" data-end=\"1211\">Verst\u00f6\u00dfen gegen geltendes Recht<\/p>\n<\/li>\n<li data-start=\"1212\" data-end=\"1256\">\n<p data-start=\"1214\" data-end=\"1256\">Verst\u00f6\u00dfen gegen die Plattformrichtlinien<\/p>\n<\/li>\n<li data-start=\"1257\" data-end=\"1301\">\n<p data-start=\"1259\" data-end=\"1301\">Meldungen durch Nutzer oder Rechteinhaber.<\/p>\n<\/li>\n<\/ul>\n<hr data-start=\"1303\" data-end=\"1306\" \/>\n<h1 data-start=\"1308\" data-end=\"1333\">2. Meldung von Inhalten<\/h1>\n<p data-start=\"1335\" data-end=\"1388\">Nutzer oder Rechteinhaber k\u00f6nnen Inhalte melden, die:<\/p>\n<ul data-start=\"1390\" data-end=\"1497\">\n<li data-start=\"1390\" data-end=\"1425\">\n<p data-start=\"1392\" data-end=\"1425\">gegen geltendes Recht versto\u00dfen<\/p>\n<\/li>\n<li data-start=\"1426\" data-end=\"1453\">\n<p data-start=\"1428\" data-end=\"1453\">Urheberrechte verletzen<\/p>\n<\/li>\n<li data-start=\"1454\" data-end=\"1497\">\n<p data-start=\"1456\" data-end=\"1497\">gegen die Plattformrichtlinien versto\u00dfen.<\/p>\n<\/li>\n<\/ul>\n<p data-start=\"1499\" data-end=\"1556\">Eine Meldung sollte m\u00f6glichst folgende Angaben enthalten:<\/p>\n<ul data-start=\"1558\" data-end=\"1704\">\n<li data-start=\"1558\" data-end=\"1609\">\n<p data-start=\"1560\" data-end=\"1609\">Link oder eindeutige Identifikation des Inhalts<\/p>\n<\/li>\n<li data-start=\"1610\" data-end=\"1653\">\n<p data-start=\"1612\" data-end=\"1653\">Beschreibung des mutma\u00dflichen Versto\u00dfes<\/p>\n<\/li>\n<li data-start=\"1654\" data-end=\"1704\">\n<p data-start=\"1656\" data-end=\"1704\">gegebenenfalls Nachweis der Rechteinhaberschaft.<\/p>\n<\/li>\n<\/ul>\n<p data-start=\"1706\" data-end=\"1760\">Meldungen k\u00f6nnen an folgende Adresse gerichtet werden:<\/p>\n<p data-start=\"1762\" data-end=\"1789\"><strong data-start=\"1762\" data-end=\"1773\">E-Mail:<\/strong><br data-start=\"1773\" data-end=\"1776\" \/><a class=\"decorated-link cursor-pointer\" rel=\"noopener\" data-start=\"1776\" data-end=\"1789\">info@song1.de<\/a><\/p>\n<hr data-start=\"1791\" data-end=\"1794\" \/>\n<h1 data-start=\"1796\" data-end=\"1822\">3. Pr\u00fcfung von Meldungen<\/h1>\n<p data-start=\"1824\" data-end=\"1895\">Nach Eingang einer Meldung pr\u00fcft die Betreiberin den gemeldeten Inhalt.<\/p>\n<p data-start=\"1897\" data-end=\"1936\">Die Pr\u00fcfung kann insbesondere umfassen:<\/p>\n<ul data-start=\"1938\" data-end=\"2060\">\n<li data-start=\"1938\" data-end=\"1974\">\n<p data-start=\"1940\" data-end=\"1974\">rechtliche Bewertung des Inhalts<\/p>\n<\/li>\n<li data-start=\"1975\" data-end=\"2020\">\n<p data-start=\"1977\" data-end=\"2020\">\u00dcberpr\u00fcfung m\u00f6glicher Richtlinienverst\u00f6\u00dfe<\/p>\n<\/li>\n<li data-start=\"2021\" data-end=\"2060\">\n<p data-start=\"2023\" data-end=\"2060\">Einholung zus\u00e4tzlicher Informationen.<\/p>\n<\/li>\n<\/ul>\n<p data-start=\"2062\" data-end=\"2154\">Die Betreiberin bem\u00fcht sich, Meldungen innerhalb eines angemessenen Zeitraums zu bearbeiten.<\/p>\n<hr data-start=\"2156\" data-end=\"2159\" \/>\n<h1 data-start=\"2161\" data-end=\"2195\">4. M\u00f6gliche Moderationsma\u00dfnahmen<\/h1>\n<p data-start=\"2197\" data-end=\"2276\">Bei festgestellten Verst\u00f6\u00dfen kann die Betreiberin folgende Ma\u00dfnahmen ergreifen:<\/p>\n<ul data-start=\"2278\" data-end=\"2484\">\n<li data-start=\"2278\" data-end=\"2310\">\n<p data-start=\"2280\" data-end=\"2310\">Entfernung einzelner Inhalte<\/p>\n<\/li>\n<li data-start=\"2311\" data-end=\"2356\">\n<p data-start=\"2313\" data-end=\"2356\">vor\u00fcbergehende Deaktivierung von Inhalten<\/p>\n<\/li>\n<li data-start=\"2357\" data-end=\"2398\">\n<p data-start=\"2359\" data-end=\"2398\">Einschr\u00e4nkung von Plattformfunktionen<\/p>\n<\/li>\n<li data-start=\"2399\" data-end=\"2427\">\n<p data-start=\"2401\" data-end=\"2427\">Verwarnung eines Nutzers<\/p>\n<\/li>\n<li data-start=\"2428\" data-end=\"2458\">\n<p data-start=\"2430\" data-end=\"2458\">vor\u00fcbergehende Kontosperre<\/p>\n<\/li>\n<li data-start=\"2459\" data-end=\"2484\">\n<p data-start=\"2461\" data-end=\"2484\">dauerhafte Kontosperre.<\/p>\n<\/li>\n<\/ul>\n<p data-start=\"2486\" data-end=\"2565\">Die Wahl der Ma\u00dfnahme erfolgt unter Ber\u00fccksichtigung der Schwere des Versto\u00dfes.<\/p>\n<hr data-start=\"2567\" data-end=\"2570\" \/>\n<h1 data-start=\"2572\" data-end=\"2607\">5. Information betroffener Nutzer<\/h1>\n<p data-start=\"2609\" data-end=\"2728\">Wenn Inhalte entfernt oder Konten eingeschr\u00e4nkt werden, kann der betroffene Nutzer \u00fcber die Ma\u00dfnahme informiert werden.<\/p>\n<p data-start=\"2730\" data-end=\"2773\">Die Mitteilung kann insbesondere enthalten:<\/p>\n<ul data-start=\"2775\" data-end=\"2849\">\n<li data-start=\"2775\" data-end=\"2797\">\n<p data-start=\"2777\" data-end=\"2797\">Grund der Ma\u00dfnahme<\/p>\n<\/li>\n<li data-start=\"2798\" data-end=\"2820\">\n<p data-start=\"2800\" data-end=\"2820\">betroffene Inhalte<\/p>\n<\/li>\n<li data-start=\"2821\" data-end=\"2849\">\n<p data-start=\"2823\" data-end=\"2849\">m\u00f6gliche weitere Schritte.<\/p>\n<\/li>\n<\/ul>\n<hr data-start=\"2851\" data-end=\"2854\" \/>\n<h1 data-start=\"2856\" data-end=\"2880\">6. Einspruchsverfahren<\/h1>\n<p data-start=\"2882\" data-end=\"3002\">Nutzer k\u00f6nnen Moderationsentscheidungen anfechten, wenn sie der Ansicht sind, dass eine Ma\u00dfnahme zu Unrecht erfolgt ist.<\/p>\n<p data-start=\"3004\" data-end=\"3035\">Ein Einspruch sollte enthalten:<\/p>\n<ul data-start=\"3037\" data-end=\"3149\">\n<li data-start=\"3037\" data-end=\"3091\">\n<p data-start=\"3039\" data-end=\"3091\">Identifikation des betroffenen Inhalts oder Kontos<\/p>\n<\/li>\n<li data-start=\"3092\" data-end=\"3121\">\n<p data-start=\"3094\" data-end=\"3121\">Begr\u00fcndung des Einspruchs<\/p>\n<\/li>\n<li data-start=\"3122\" data-end=\"3149\">\n<p data-start=\"3124\" data-end=\"3149\">gegebenenfalls Nachweise.<\/p>\n<\/li>\n<\/ul>\n<p data-start=\"3151\" data-end=\"3210\">Einspr\u00fcche k\u00f6nnen \u00fcber folgende Adresse eingereicht werden:<\/p>\n<p data-start=\"3212\" data-end=\"3239\"><strong data-start=\"3212\" data-end=\"3223\">E-Mail:<\/strong><br data-start=\"3223\" data-end=\"3226\" \/><a class=\"decorated-link cursor-pointer\" rel=\"noopener\" data-start=\"3226\" data-end=\"3239\">info@song1.de<\/a><\/p>\n<p data-start=\"3241\" data-end=\"3335\">Die Betreiberin pr\u00fcft den Einspruch und entscheidet \u00fcber eine m\u00f6gliche Anpassung der Ma\u00dfnahme.<\/p>\n<hr data-start=\"3337\" data-end=\"3340\" \/>\n<h1 data-start=\"3342\" data-end=\"3375\">7. Missbrauch von Meldesystemen<\/h1>\n<p data-start=\"3377\" data-end=\"3460\">Das absichtliche Einreichen falscher oder missbr\u00e4uchlicher Meldungen ist untersagt.<\/p>\n<p data-start=\"3462\" data-end=\"3586\">Bei Missbrauch kann die Betreiberin geeignete Ma\u00dfnahmen ergreifen, einschlie\u00dflich der Einschr\u00e4nkung von Plattformfunktionen.<\/p>\n<hr data-start=\"3588\" data-end=\"3591\" \/>\n<h1 data-start=\"3593\" data-end=\"3625\">8. Zusammenarbeit mit Beh\u00f6rden<\/h1>\n<p data-start=\"3627\" data-end=\"3767\">Sofern gesetzlich erforderlich, arbeitet die Betreiberin mit zust\u00e4ndigen Beh\u00f6rden zusammen und kann entsprechende Informationen \u00fcbermitteln.<\/p>\n<hr data-start=\"3769\" data-end=\"3772\" \/>\n<h1 data-start=\"3774\" data-end=\"3790\">9. Transparenz<\/h1>\n<p data-start=\"3792\" data-end=\"3860\">Die Plattform bem\u00fcht sich um transparente Moderationsentscheidungen.<\/p>\n<p data-start=\"3862\" data-end=\"3988\">Informationen \u00fcber Richtlinien, Moderationsverfahren und Beschwerdem\u00f6glichkeiten sind \u00f6ffentlich auf der Plattform zug\u00e4nglich.<\/p>\n<hr data-start=\"3990\" data-end=\"3993\" \/>\n<h1 data-start=\"3995\" data-end=\"4029\">10. \u00c4nderungen dieser Richtlinie<\/h1>\n<p data-start=\"4031\" data-end=\"4095\">Die Betreiberin kann diese Trust &amp; Safety Policy anpassen, wenn:<\/p>\n<ul data-start=\"4097\" data-end=\"4189\">\n<li data-start=\"4097\" data-end=\"4138\">\n<p data-start=\"4099\" data-end=\"4138\">gesetzliche \u00c4nderungen dies erfordern<\/p>\n<\/li>\n<li data-start=\"4139\" data-end=\"4189\">\n<p data-start=\"4141\" data-end=\"4189\">die Plattformfunktionen weiterentwickelt werden.<\/p>\n<\/li>\n<\/ul>\n<p data-start=\"4191\" data-end=\"4249\">Die jeweils aktuelle Version ist auf der Website abrufbar.<\/p>\n<hr data-start=\"4251\" data-end=\"4254\" \/>\n<h2 data-start=\"4256\" data-end=\"4327\">Ergebnis: Song1 hat jetzt einen vollst\u00e4ndigen Plattform-Rechtsrahmen<\/h2>\n<p data-start=\"4329\" data-end=\"4440\">Mit den erstellten Dokumenten besitzt Song1 praktisch den kompletten <strong data-start=\"4398\" data-end=\"4439\">Legal Stack einer digitalen Plattform<\/strong>:<\/p>\n<h3 data-start=\"4442\" data-end=\"4463\">Vertragsdokumente<\/h3>\n<ul data-start=\"4464\" data-end=\"4514\">\n<li data-start=\"4464\" data-end=\"4487\">\n<p data-start=\"4466\" data-end=\"4487\">Nutzungsbedingungen<\/p>\n<\/li>\n<li data-start=\"4488\" data-end=\"4514\">\n<p data-start=\"4490\" data-end=\"4514\">Creator Revenue Policy<\/p>\n<\/li>\n<\/ul>\n<h3 data-start=\"4516\" data-end=\"4542\">Rechtliche Richtlinien<\/h3>\n<ul data-start=\"4543\" data-end=\"4608\">\n<li data-start=\"4543\" data-end=\"4561\">\n<p data-start=\"4545\" data-end=\"4561\">Content Policy<\/p>\n<\/li>\n<li data-start=\"4562\" data-end=\"4582\">\n<p data-start=\"4564\" data-end=\"4582\">Copyright Policy<\/p>\n<\/li>\n<li data-start=\"4583\" data-end=\"4608\">\n<p data-start=\"4585\" data-end=\"4608\">Trust &amp; Safety Policy<\/p>\n<\/li>\n<\/ul>\n<h3 data-start=\"4610\" data-end=\"4634\">Pflichtinformationen<\/h3>\n<ul data-start=\"4635\" data-end=\"4713\">\n<li data-start=\"4635\" data-end=\"4662\">\n<p data-start=\"4637\" data-end=\"4662\">Impressum (DSA-konform)<\/p>\n<\/li>\n<li data-start=\"4663\" data-end=\"4695\">\n<p data-start=\"4665\" data-end=\"4695\">Datenschutzerkl\u00e4rung (DSGVO)<\/p>\n<\/li>\n<li data-start=\"4696\" data-end=\"4713\">\n<p data-start=\"4698\" data-end=\"4713\">AI-Disclaimer<\/p>\n<\/li>\n<\/ul>\n<h3 data-start=\"4715\" data-end=\"4733\">Plattformlogik<\/h3>\n<ul data-start=\"4734\" data-end=\"4816\">\n<li data-start=\"4734\" data-end=\"4760\">\n<p data-start=\"4736\" data-end=\"4760\">Creator-Lizenzstruktur<\/p>\n<\/li>\n<li data-start=\"4761\" data-end=\"4782\">\n<p data-start=\"4763\" data-end=\"4782\">Moderationssystem<\/p>\n<\/li>\n<li data-start=\"4783\" data-end=\"4816\">\n<p data-start=\"4785\" data-end=\"4816\">Notice-and-Takedown-Verfahren<\/p>\n<\/li>\n<\/ul>\n","protected":false},"excerpt":{"rendered":"<div class=\"mh-excerpt\">Trust &amp; Safety Policy Moderations- und Beschwerdeverfahren der Plattform Song1.de Diese Trust &amp; Safety Policy beschreibt, wie die Plattform Song1.de mit gemeldeten Inhalten, m\u00f6glichen Rechtsverletzungen und Verst\u00f6\u00dfen gegen Plattformregeln umgeht. Die Richtlinie erg\u00e4nzt: die Nutzungsbedingungen <a class=\"mh-excerpt-more\" href=\"https:\/\/song1.de\/index.php\/trust-safety-policy\/\" title=\"Trust &#038; Safety Policy\">[&#8230;]<\/a><\/div>\n","protected":false},"author":1,"featured_media":0,"parent":0,"menu_order":0,"comment_status":"closed","ping_status":"closed","template":"template-full.php","meta":{"footnotes":""},"class_list":["post-2111","page","type-page","status-publish"],"_links":{"self":[{"href":"https:\/\/song1.de\/index.php\/wp-json\/wp\/v2\/pages\/2111","targetHints":{"allow":["GET"]}}],"collection":[{"href":"https:\/\/song1.de\/index.php\/wp-json\/wp\/v2\/pages"}],"about":[{"href":"https:\/\/song1.de\/index.php\/wp-json\/wp\/v2\/types\/page"}],"author":[{"embeddable":true,"href":"https:\/\/song1.de\/index.php\/wp-json\/wp\/v2\/users\/1"}],"replies":[{"embeddable":true,"href":"https:\/\/song1.de\/index.php\/wp-json\/wp\/v2\/comments?post=2111"}],"version-history":[{"count":1,"href":"https:\/\/song1.de\/index.php\/wp-json\/wp\/v2\/pages\/2111\/revisions"}],"predecessor-version":[{"id":2112,"href":"https:\/\/song1.de\/index.php\/wp-json\/wp\/v2\/pages\/2111\/revisions\/2112"}],"wp:attachment":[{"href":"https:\/\/song1.de\/index.php\/wp-json\/wp\/v2\/media?parent=2111"}],"curies":[{"name":"wp","href":"https:\/\/api.w.org\/{rel}","templated":true}]}}