{"id":517,"date":"2026-02-22T07:28:33","date_gmt":"2026-02-22T07:28:33","guid":{"rendered":"https:\/\/song1.de\/?page_id=517"},"modified":"2026-02-25T09:40:18","modified_gmt":"2026-02-25T09:40:18","slug":"so-gehts","status":"publish","type":"page","link":"https:\/\/song1.de\/index.php\/so-gehts\/","title":{"rendered":"So gehts"},"content":{"rendered":"    <style>\n        .ki-guide-grid {\n            display: grid;\n            grid-template-columns: 1fr;\n            gap: 25px;\n        }\n        @media (min-width: 650px) {\n            .ki-guide-grid { grid-template-columns: repeat(2, 1fr); }\n        }\n        @media (min-width: 950px) {\n            .ki-guide-grid { grid-template-columns: repeat(3, 1fr); }\n        }\n        .ki-guide-card {\n            background: #fff;\n            border: 1px solid #eee;\n            border-radius: 18px;\n            overflow: hidden;\n            box-shadow: 0 4px 20px rgba(0,0,0,0.04);\n            transition: transform 0.2s, box-shadow 0.2s;\n        }\n        .ki-guide-card:hover {\n            transform: translateY(-4px);\n            box-shadow: 0 8px 30px rgba(0,0,0,0.09);\n        }\n        .ki-guide-card-img {\n            position: relative;\n            aspect-ratio: 1 \/ 1;\n            overflow: hidden;\n        }\n        .ki-guide-card-img img {\n            width: 100%;\n            height: 100%;\n            object-fit: cover;\n            display: block;\n            border-radius: 18px 18px 0 0;\n        }\n        .ki-guide-card-badge {\n            position: absolute;\n            top: 12px;\n            left: 12px;\n            color: #fff;\n            border-radius: 50px;\n            padding: 4px 12px;\n            font-size: 12px;\n            font-weight: bold;\n        }\n        .ki-guide-card-body {\n            padding: 22px;\n        }\n        .ki-guide-card-body h3 {\n            font-size: 17px;\n            margin: 0 0 10px 0;\n            font-weight: 800;\n        }\n        .ki-guide-card-body p {\n            color: #555;\n            line-height: 1.7;\n            margin: 0;\n            font-size: 14px;\n        }\n    <\/style>\n\n    <div style=\"font-family: system-ui, -apple-system, sans-serif; max-width: 1100px; margin: 0 auto; padding: 50px 20px; color: #333;\">\n\n        <div style=\"text-align: center; margin-bottom: 50px;\">\n            <h1 style=\"font-size: 36px; color: #111; margin-bottom: 15px; font-weight: 900;\">So funktioniert SONG1<\/h1>\n            <p style=\"font-size: 18px; color: #666; max-width: 650px; margin: 0 auto; line-height: 1.7;\">\n                Entdecke KI-generierte Musik, werde selbst zum Produzenten oder \u00fcberrasche deine Liebsten mit einem einzigartigen pers\u00f6nlichen Song.\n            <\/p>\n        <\/div>\n\n                <div style=\"background: linear-gradient(135deg, #0073aa, #005a87); color: #fff; padding: 40px 30px; border-radius: 18px; text-align: center; margin-bottom: 50px; box-shadow: 0 10px 25px rgba(0,115,170,0.2);\">\n            <div style=\"font-size: 50px; margin-bottom: 10px;\">\ud83c\udf81<\/div>\n            <h2 style=\"margin: 0 0 15px 0; font-size: 28px; font-weight: 900;\">Kostenlos &amp; risikofrei testen!<\/h2>\n            <p style=\"font-size: 17px; margin: 0 auto 25px auto; max-width: 800px; line-height: 1.7; opacity: 0.95;\">\n                Registrierung ist <strong>100 % kostenlos<\/strong>. Als Willkommensgeschenk gibt es sofort <strong>150 Taler Startguthaben<\/strong> \u2013\n                genug um <strong>15 Lieder freizuschalten<\/strong> oder                 eigene KI-Musik zu generieren. Du entscheidest erst danach ob du mehr Taler aufladen m\u00f6chtest.\n            <\/p>\n            <a href=\"https:\/\/song1.de\/index.php\/registrieren\/\"\n               style=\"display:inline-block; background:#fff; color:#0073aa; padding:16px 35px; border-radius:50px; font-size:18px; font-weight:900; text-decoration:none; box-shadow:0 4px 10px rgba(0,0,0,0.15);\">\n                Jetzt gratis Konto &amp; 150 Taler sichern \u2192\n            <\/a>\n        <\/div>\n        \n        <div class=\"ki-guide-grid\">\n                        <div class=\"ki-guide-card\">\n                <div class=\"ki-guide-card-img\">\n                    <img decoding=\"async\" src=\"https:\/\/song1.de\/wp-content\/uploads\/2026\/02\/hoeren_entdecken.png\" alt=\"Musik entdecken\">\n                    <span class=\"ki-guide-card-badge\" style=\"background:#0073aa;\">\n                        Schritt 1                    <\/span>\n                <\/div>\n                <div class=\"ki-guide-card-body\">\n                    <h3 style=\"color:#0073aa;\">\n                        \ud83c\udfa7 Entdecken &amp; H\u00f6ren                    <\/h3>\n                    <p>St\u00f6bere durch hunderte KI-generierte Songs in allen Genres. Jedes Lied kann kostenlos als 30-Sekunden-Vorschau angeh\u00f6rt werden \u2013 so findest du deinen n\u00e4chsten Lieblings-Track.<\/p>\n                <\/div>\n            <\/div>\n                        <div class=\"ki-guide-card\">\n                <div class=\"ki-guide-card-img\">\n                    <img decoding=\"async\" src=\"https:\/\/song1.de\/wp-content\/uploads\/2026\/02\/freischalten.png\" alt=\"Taler &amp; Freischalten\">\n                    <span class=\"ki-guide-card-badge\" style=\"background:#28a745;\">\n                        Schritt 2                    <\/span>\n                <\/div>\n                <div class=\"ki-guide-card-body\">\n                    <h3 style=\"color:#28a745;\">\n                        \ud83e\ude99 Taler &amp; Freischalten                    <\/h3>\n                    <p>Schalte Songs f\u00fcr nur <strong>10 Taler<\/strong> dauerhaft frei oder lade sie als MP3 herunter. Der K\u00fcnstler erh\u00e4lt dabei immer seinen fairen Anteil von 50%. Guthaben einfach via PayPal aufladen.<\/p>\n                <\/div>\n            <\/div>\n                        <div class=\"ki-guide-card\">\n                <div class=\"ki-guide-card-img\">\n                    <img decoding=\"async\" src=\"https:\/\/song1.de\/wp-content\/uploads\/2026\/02\/fertigerHit.png\" alt=\"KI Musik generieren\">\n                    <span class=\"ki-guide-card-badge\" style=\"background:#856404;\">\n                        Schritt 3                    <\/span>\n                <\/div>\n                <div class=\"ki-guide-card-body\">\n                    <h3 style=\"color:#856404;\">\n                        \ud83c\udfb5 Eigene Songs mit KI komponieren & verdienen                    <\/h3>\n                    <p>W\u00e4hle aus \u00fcber 50 Genres und erstelle Songs mit Text-Prompt oder Profi-Modus mit eigenem Songtext. F\u00fcr <strong>30 Taler<\/strong> liefert dir die KI zwei fertige Versionen direkt in deine Mediathek. Teile deine Songs auf SONG1 und verdiene an jedem Stream deinen fairen Anteil.<\/p>\n                <\/div>\n            <\/div>\n                        <div class=\"ki-guide-card\">\n                <div class=\"ki-guide-card-img\">\n                    <img decoding=\"async\" src=\"https:\/\/song1.de\/wp-content\/uploads\/2026\/03\/Eigene-Musik-hochladen.png\" alt=\"Eigene Songs hochladen &amp; verdienen\">\n                    <span class=\"ki-guide-card-badge\" style=\"background:#6f42c1;\">\n                        Schritt 4                    <\/span>\n                <\/div>\n                <div class=\"ki-guide-card-body\">\n                    <h3 style=\"color:#6f42c1;\">\n                        \ud83d\udce4 Songs hochladen & verdienen                    <\/h3>\n                    <p>Du hast bereits fertige KI-Songs? Lade sie direkt auf die Plattform hoch (MP3, WAV, FLAC u.v.m.), vergib ein Coverbild und ver\u00f6ffentliche sie f\u00fcr die Community. An jedem bezahlten Stream verdienst Du deinen fairen Anteil.<\/p>\n                <\/div>\n            <\/div>\n                        <div class=\"ki-guide-card\">\n                <div class=\"ki-guide-card-img\">\n                    <img decoding=\"async\" src=\"https:\/\/song1.de\/wp-content\/uploads\/2026\/02\/Geschenke.png\" alt=\"Pers\u00f6nliche Geschenke\">\n                    <span class=\"ki-guide-card-badge\" style=\"background:#dc3545;\">\n                        Schritt 5                    <\/span>\n                <\/div>\n                <div class=\"ki-guide-card-body\">\n                    <h3 style=\"color:#dc3545;\">\n                        \ud83c\udf81 Unvergessliche Geschenke                    <\/h3>\n                    <p>Mit dem Geschenk-Assistenten erstellst du in wenigen Schritten einen ma\u00dfgeschneiderten Song f\u00fcr Geburtstage, Hochzeiten oder als \u00dcberraschung. Pers\u00f6nliche Details und Insider-Witze flie\u00dfen direkt in den Text ein.<\/p>\n                <\/div>\n            <\/div>\n                        <div class=\"ki-guide-card\">\n                <div class=\"ki-guide-card-img\">\n                    <img decoding=\"async\" src=\"https:\/\/song1.de\/wp-content\/uploads\/2026\/03\/Community-_Nachrichten.png\" alt=\"Community &amp; Nachrichten\">\n                    <span class=\"ki-guide-card-badge\" style=\"background:#20c997;\">\n                        Schritt 6                    <\/span>\n                <\/div>\n                <div class=\"ki-guide-card-body\">\n                    <h3 style=\"color:#20c997;\">\n                        \ud83d\udcac Community &amp; Nachrichten                    <\/h3>\n                    <p>Tausche dich direkt mit anderen K\u00fcnstlern aus, teile deine Musik und verwalte alles \u00fcber dein pers\u00f6nliches Konto \u2013 inklusive Direktnachrichten, Transaktions\u00fcbersicht und Auszahlungsanfragen.<\/p>\n                <\/div>\n            <\/div>\n                    <\/div>\n\n        \n    <\/div>\n    \n","protected":false},"excerpt":{"rendered":"<div class=\"mh-excerpt\"><\/div>\n","protected":false},"author":1,"featured_media":0,"parent":0,"menu_order":0,"comment_status":"closed","ping_status":"closed","template":"","meta":{"footnotes":""},"class_list":["post-517","page","type-page","status-publish"],"_links":{"self":[{"href":"https:\/\/song1.de\/index.php\/wp-json\/wp\/v2\/pages\/517","targetHints":{"allow":["GET"]}}],"collection":[{"href":"https:\/\/song1.de\/index.php\/wp-json\/wp\/v2\/pages"}],"about":[{"href":"https:\/\/song1.de\/index.php\/wp-json\/wp\/v2\/types\/page"}],"author":[{"embeddable":true,"href":"https:\/\/song1.de\/index.php\/wp-json\/wp\/v2\/users\/1"}],"replies":[{"embeddable":true,"href":"https:\/\/song1.de\/index.php\/wp-json\/wp\/v2\/comments?post=517"}],"version-history":[{"count":8,"href":"https:\/\/song1.de\/index.php\/wp-json\/wp\/v2\/pages\/517\/revisions"}],"predecessor-version":[{"id":1120,"href":"https:\/\/song1.de\/index.php\/wp-json\/wp\/v2\/pages\/517\/revisions\/1120"}],"wp:attachment":[{"href":"https:\/\/song1.de\/index.php\/wp-json\/wp\/v2\/media?parent=517"}],"curies":[{"name":"wp","href":"https:\/\/api.w.org\/{rel}","templated":true}]}}