{"id":595,"date":"2026-02-22T18:00:36","date_gmt":"2026-02-22T18:00:36","guid":{"rendered":"https:\/\/song1.de\/?page_id=595"},"modified":"2026-03-05T09:02:16","modified_gmt":"2026-03-05T09:02:16","slug":"datenschutzbestimmungen","status":"publish","type":"page","link":"https:\/\/song1.de\/index.php\/datenschutzbestimmungen\/","title":{"rendered":"Datenschutzbestimmungen"},"content":{"rendered":"<h1 data-start=\"598\" data-end=\"643\">Datenschutzerkl\u00e4rung der Plattform Song1.de<\/h1>\n<h2 data-start=\"645\" data-end=\"667\">1. Verantwortlicher<\/h2>\n<p data-start=\"669\" data-end=\"733\">Verantwortlich f\u00fcr die Datenverarbeitung auf dieser Website ist:<\/p>\n<p data-start=\"735\" data-end=\"863\"><strong data-start=\"735\" data-end=\"760\">Wolter-Rousseaux GmbH<\/strong><br data-start=\"760\" data-end=\"763\" \/>Song1.de<br data-start=\"771\" data-end=\"774\" \/>Herr Sven Wolter-Rousseaux (ViSdP)<br data-start=\"808\" data-end=\"811\" \/>Gutenbergring 41<br data-start=\"827\" data-end=\"830\" \/>22848 Norderstedt<br data-start=\"847\" data-end=\"850\" \/>Deutschland<\/p>\n<p data-start=\"865\" data-end=\"915\">Telefon: 040 64 666 1600<br data-start=\"889\" data-end=\"892\" \/>E-Mail: <a class=\"decorated-link cursor-pointer\" rel=\"noopener\" data-start=\"900\" data-end=\"913\">info@song1.de<\/a><\/p>\n<hr data-start=\"917\" data-end=\"920\" \/>\n<h1 data-start=\"922\" data-end=\"968\">2. Allgemeine Hinweise zur Datenverarbeitung<\/h1>\n<p data-start=\"970\" data-end=\"1250\">Der Schutz Ihrer personenbezogenen Daten ist uns ein wichtiges Anliegen.<br data-start=\"1042\" data-end=\"1045\" \/>Wir behandeln Ihre personenbezogenen Daten vertraulich und entsprechend den gesetzlichen Datenschutzvorschriften, insbesondere der <strong data-start=\"1176\" data-end=\"1215\">Datenschutz-Grundverordnung (DSGVO)<\/strong> sowie dieser Datenschutzerkl\u00e4rung.<\/p>\n<p data-start=\"1252\" data-end=\"1380\">Personenbezogene Daten sind alle Informationen, mit denen eine nat\u00fcrliche Person direkt oder indirekt identifiziert werden kann.<\/p>\n<p data-start=\"1382\" data-end=\"1644\">Die Nutzung unserer Website ist grunds\u00e4tzlich ohne Angabe personenbezogener Daten m\u00f6glich.<br data-start=\"1472\" data-end=\"1475\" \/>Soweit auf unseren Seiten personenbezogene Daten erhoben werden, erfolgt dies stets auf freiwilliger Basis oder soweit dies zur Nutzung unserer Dienste erforderlich ist.<\/p>\n<hr data-start=\"1646\" data-end=\"1649\" \/>\n<h1 data-start=\"1651\" data-end=\"1695\">3. Server-Logfiles beim Besuch der Website<\/h1>\n<p data-start=\"1697\" data-end=\"1804\">Beim Aufrufen der Website <strong data-start=\"1723\" data-end=\"1735\">Song1.de<\/strong> werden durch den Hosting-Provider automatisch Informationen erfasst.<\/p>\n<p data-start=\"1806\" data-end=\"1834\">Erfasst werden insbesondere:<\/p>\n<ul data-start=\"1836\" data-end=\"2016\">\n<li data-start=\"1836\" data-end=\"1876\">\n<p data-start=\"1838\" data-end=\"1876\">IP-Adresse des anfragenden Endger\u00e4ts<\/p>\n<\/li>\n<li data-start=\"1877\" data-end=\"1911\">\n<p data-start=\"1879\" data-end=\"1911\">Datum und Uhrzeit des Zugriffs<\/p>\n<\/li>\n<li data-start=\"1912\" data-end=\"1944\">\n<p data-start=\"1914\" data-end=\"1944\">aufgerufene Datei oder Seite<\/p>\n<\/li>\n<li data-start=\"1945\" data-end=\"1961\">\n<p data-start=\"1947\" data-end=\"1961\">Referrer-URL<\/p>\n<\/li>\n<li data-start=\"1962\" data-end=\"1985\">\n<p data-start=\"1964\" data-end=\"1985\">verwendeter Browser<\/p>\n<\/li>\n<li data-start=\"1986\" data-end=\"2016\">\n<p data-start=\"1988\" data-end=\"2016\">Betriebssystem des Endger\u00e4ts<\/p>\n<\/li>\n<\/ul>\n<p data-start=\"2018\" data-end=\"2053\">Diese Daten werden verarbeitet, um:<\/p>\n<ul data-start=\"2055\" data-end=\"2202\">\n<li data-start=\"2055\" data-end=\"2110\">\n<p data-start=\"2057\" data-end=\"2110\">den technischen Betrieb der Website sicherzustellen<\/p>\n<\/li>\n<li data-start=\"2111\" data-end=\"2167\">\n<p data-start=\"2113\" data-end=\"2167\">die Systemsicherheit und Stabilit\u00e4t zu gew\u00e4hrleisten<\/p>\n<\/li>\n<li data-start=\"2168\" data-end=\"2202\">\n<p data-start=\"2170\" data-end=\"2202\">technische Fehler zu analysieren<\/p>\n<\/li>\n<\/ul>\n<p data-start=\"2204\" data-end=\"2310\"><strong data-start=\"2204\" data-end=\"2224\">Rechtsgrundlage:<\/strong><br data-start=\"2224\" data-end=\"2227\" \/>Art. 6 Abs. 1 lit. f DSGVO (berechtigtes Interesse am sicheren Betrieb der Website)<\/p>\n<p data-start=\"2312\" data-end=\"2385\">Eine Zusammenf\u00fchrung dieser Daten mit anderen Datenquellen erfolgt nicht.<\/p>\n<hr data-start=\"2387\" data-end=\"2390\" \/>\n<h1 data-start=\"2392\" data-end=\"2426\">4. Registrierung und Nutzerkonto<\/h1>\n<p data-start=\"2428\" data-end=\"2531\">F\u00fcr die Nutzung bestimmter Funktionen der Plattform ist die Erstellung eines Nutzerkontos erforderlich.<\/p>\n<p data-start=\"2533\" data-end=\"2590\">Dabei werden folgende personenbezogene Daten verarbeitet:<\/p>\n<ul data-start=\"2592\" data-end=\"2691\">\n<li data-start=\"2592\" data-end=\"2608\">\n<p data-start=\"2594\" data-end=\"2608\">Benutzername<\/p>\n<\/li>\n<li data-start=\"2609\" data-end=\"2620\">\n<p data-start=\"2611\" data-end=\"2620\">Vorname<\/p>\n<\/li>\n<li data-start=\"2621\" data-end=\"2633\">\n<p data-start=\"2623\" data-end=\"2633\">Nachname<\/p>\n<\/li>\n<li data-start=\"2634\" data-end=\"2652\">\n<p data-start=\"2636\" data-end=\"2652\">E-Mail-Adresse<\/p>\n<\/li>\n<li data-start=\"2653\" data-end=\"2691\">\n<p data-start=\"2655\" data-end=\"2691\">Passwort (verschl\u00fcsselt gespeichert)<\/p>\n<\/li>\n<\/ul>\n<p data-start=\"2693\" data-end=\"2728\">Diese Daten werden verarbeitet zur:<\/p>\n<ul data-start=\"2730\" data-end=\"2861\">\n<li data-start=\"2730\" data-end=\"2777\">\n<p data-start=\"2732\" data-end=\"2777\">Einrichtung und Verwaltung des Nutzerkontos<\/p>\n<\/li>\n<li data-start=\"2778\" data-end=\"2820\">\n<p data-start=\"2780\" data-end=\"2820\">Bereitstellung der Plattformfunktionen<\/p>\n<\/li>\n<li data-start=\"2821\" data-end=\"2861\">\n<p data-start=\"2823\" data-end=\"2861\">Durchf\u00fchrung von Vertragsverh\u00e4ltnissen<\/p>\n<\/li>\n<\/ul>\n<p data-start=\"2863\" data-end=\"2932\"><strong data-start=\"2863\" data-end=\"2883\">Rechtsgrundlage:<\/strong><br data-start=\"2883\" data-end=\"2886\" \/>Art. 6 Abs. 1 lit. b DSGVO (Vertragserf\u00fcllung)<\/p>\n<p data-start=\"2934\" data-end=\"2996\">Die Daten werden gespeichert, solange ein Nutzerkonto besteht.<\/p>\n<p data-start=\"2998\" data-end=\"3127\">Nach L\u00f6schung des Kontos werden personenbezogene Daten gel\u00f6scht, soweit keine gesetzlichen Aufbewahrungspflichten entgegenstehen.<\/p>\n<hr data-start=\"3129\" data-end=\"3132\" \/>\n<h1 data-start=\"3134\" data-end=\"3182\">5. Nutzung der Plattform (Uploads und Inhalte)<\/h1>\n<p data-start=\"3184\" data-end=\"3283\">Wenn Nutzer Musikwerke auf der Plattform ver\u00f6ffentlichen, k\u00f6nnen folgende Daten verarbeitet werden:<\/p>\n<ul data-start=\"3285\" data-end=\"3417\">\n<li data-start=\"3285\" data-end=\"3319\">\n<p data-start=\"3287\" data-end=\"3319\">Benutzername bzw. K\u00fcnstlername<\/p>\n<\/li>\n<li data-start=\"3320\" data-end=\"3349\">\n<p data-start=\"3322\" data-end=\"3349\">hochgeladene Audiodateien<\/p>\n<\/li>\n<li data-start=\"3350\" data-end=\"3383\">\n<p data-start=\"3352\" data-end=\"3383\">Titel und Metadaten der Werke<\/p>\n<\/li>\n<li data-start=\"3384\" data-end=\"3417\">\n<p data-start=\"3386\" data-end=\"3417\">Zeitpunkte der Ver\u00f6ffentlichung<\/p>\n<\/li>\n<\/ul>\n<p data-start=\"3419\" data-end=\"3454\">Diese Daten werden verarbeitet zur:<\/p>\n<ul data-start=\"3456\" data-end=\"3569\">\n<li data-start=\"3456\" data-end=\"3504\">\n<p data-start=\"3458\" data-end=\"3504\">Bereitstellung der Inhalte auf der Plattform<\/p>\n<\/li>\n<li data-start=\"3505\" data-end=\"3542\">\n<p data-start=\"3507\" data-end=\"3542\">technischen Verbreitung der Werke<\/p>\n<\/li>\n<li data-start=\"3543\" data-end=\"3569\">\n<p data-start=\"3545\" data-end=\"3569\">Abrechnung von Nutzungen<\/p>\n<\/li>\n<\/ul>\n<p data-start=\"3571\" data-end=\"3621\"><strong data-start=\"3571\" data-end=\"3591\">Rechtsgrundlage:<\/strong><br data-start=\"3591\" data-end=\"3594\" \/>Art. 6 Abs. 1 lit. b DSGVO.<\/p>\n<hr data-start=\"3623\" data-end=\"3626\" \/>\n<h1 data-start=\"3628\" data-end=\"3652\">6. KI-Musikgenerierung<\/h1>\n<p data-start=\"3654\" data-end=\"3749\">Die Plattform stellt ein Tool zur Generierung von Musik mittels k\u00fcnstlicher Intelligenz bereit.<\/p>\n<p data-start=\"3751\" data-end=\"3798\">Dabei k\u00f6nnen folgende Daten verarbeitet werden:<\/p>\n<ul data-start=\"3800\" data-end=\"3881\">\n<li data-start=\"3800\" data-end=\"3826\">\n<p data-start=\"3802\" data-end=\"3826\">Texteingaben (Prompts)<\/p>\n<\/li>\n<li data-start=\"3827\" data-end=\"3854\">\n<p data-start=\"3829\" data-end=\"3854\">generierte Musikdateien<\/p>\n<\/li>\n<li data-start=\"3855\" data-end=\"3881\">\n<p data-start=\"3857\" data-end=\"3881\">technische Nutzungsdaten<\/p>\n<\/li>\n<\/ul>\n<p data-start=\"3883\" data-end=\"3918\">Diese Daten werden verarbeitet zur:<\/p>\n<ul data-start=\"3920\" data-end=\"4031\">\n<li data-start=\"3920\" data-end=\"3948\">\n<p data-start=\"3922\" data-end=\"3948\">Generierung von KI-Musik<\/p>\n<\/li>\n<li data-start=\"3949\" data-end=\"3989\">\n<p data-start=\"3951\" data-end=\"3989\">Verbesserung der technischen Systeme<\/p>\n<\/li>\n<li data-start=\"3990\" data-end=\"4031\">\n<p data-start=\"3992\" data-end=\"4031\">Bereitstellung der generierten Inhalte.<\/p>\n<\/li>\n<\/ul>\n<p data-start=\"4033\" data-end=\"4049\">Rechtsgrundlage:<\/p>\n<p data-start=\"4051\" data-end=\"4078\">Art. 6 Abs. 1 lit. b DSGVO.<\/p>\n<hr data-start=\"4080\" data-end=\"4083\" \/>\n<h1 data-start=\"4085\" data-end=\"4105\">7. Kontaktaufnahme<\/h1>\n<p data-start=\"4107\" data-end=\"4238\">Wenn Sie uns per E-Mail oder \u00fcber ein Kontaktformular kontaktieren, werden Ihre Angaben gespeichert, um Ihre Anfrage zu bearbeiten.<\/p>\n<p data-start=\"4240\" data-end=\"4272\">Verarbeitet werden insbesondere:<\/p>\n<ul data-start=\"4274\" data-end=\"4351\">\n<li data-start=\"4274\" data-end=\"4282\">\n<p data-start=\"4276\" data-end=\"4282\">Name<\/p>\n<\/li>\n<li data-start=\"4283\" data-end=\"4301\">\n<p data-start=\"4285\" data-end=\"4301\">E-Mail-Adresse<\/p>\n<\/li>\n<li data-start=\"4302\" data-end=\"4330\">\n<p data-start=\"4304\" data-end=\"4330\">Telefonnummer (optional)<\/p>\n<\/li>\n<li data-start=\"4331\" data-end=\"4351\">\n<p data-start=\"4333\" data-end=\"4351\">Inhalt der Anfrage<\/p>\n<\/li>\n<\/ul>\n<p data-start=\"4353\" data-end=\"4369\">Rechtsgrundlage:<\/p>\n<p data-start=\"4371\" data-end=\"4398\">Art. 6 Abs. 1 lit. b DSGVO.<\/p>\n<p data-start=\"4400\" data-end=\"4487\">Die Daten werden gel\u00f6scht, sobald sie f\u00fcr die Bearbeitung nicht mehr erforderlich sind.<\/p>\n<hr data-start=\"4489\" data-end=\"4492\" \/>\n<h1 data-start=\"4494\" data-end=\"4517\">8. Zahlungsabwicklung<\/h1>\n<p data-start=\"4519\" data-end=\"4656\">F\u00fcr kostenpflichtige Leistungen (z. B. Streaming oder Download) kann eine Zahlungsabwicklung \u00fcber externe Zahlungsdienstleister erfolgen.<\/p>\n<p data-start=\"4658\" data-end=\"4705\">Dabei k\u00f6nnen folgende Daten \u00fcbermittelt werden:<\/p>\n<ul data-start=\"4707\" data-end=\"4761\">\n<li data-start=\"4707\" data-end=\"4715\">\n<p data-start=\"4709\" data-end=\"4715\">Name<\/p>\n<\/li>\n<li data-start=\"4716\" data-end=\"4741\">\n<p data-start=\"4718\" data-end=\"4741\">Zahlungsinformationen<\/p>\n<\/li>\n<li data-start=\"4742\" data-end=\"4761\">\n<p data-start=\"4744\" data-end=\"4761\">Transaktionsdaten<\/p>\n<\/li>\n<\/ul>\n<p data-start=\"4763\" data-end=\"4832\">Die Verarbeitung erfolgt ausschlie\u00dflich zur Durchf\u00fchrung der Zahlung.<\/p>\n<p data-start=\"4834\" data-end=\"4850\">Rechtsgrundlage:<\/p>\n<p data-start=\"4852\" data-end=\"4879\">Art. 6 Abs. 1 lit. b DSGVO.<\/p>\n<p data-start=\"4881\" data-end=\"4968\">Es gelten zus\u00e4tzlich die Datenschutzbestimmungen des jeweiligen Zahlungsdienstleisters.<\/p>\n<hr data-start=\"4970\" data-end=\"4973\" \/>\n<h1 data-start=\"4975\" data-end=\"4987\">9. Hosting<\/h1>\n<p data-start=\"4989\" data-end=\"5057\">Die Website wird bei einem externen Hosting-Dienstleister betrieben.<\/p>\n<p data-start=\"5059\" data-end=\"5177\">Dieser verarbeitet personenbezogene Daten ausschlie\u00dflich im Rahmen einer <strong data-start=\"5132\" data-end=\"5176\">Auftragsverarbeitung gem\u00e4\u00df Art. 28 DSGVO<\/strong>.<\/p>\n<p data-start=\"5179\" data-end=\"5251\">Ein entsprechender Vertrag zur Auftragsverarbeitung wurde abgeschlossen.<\/p>\n<hr data-start=\"5253\" data-end=\"5256\" \/>\n<h1 data-start=\"5258\" data-end=\"5271\">10. Cookies<\/h1>\n<p data-start=\"5273\" data-end=\"5376\">Diese Website verwendet ausschlie\u00dflich <strong data-start=\"5312\" data-end=\"5344\">technisch notwendige Cookies<\/strong>, soweit nicht anders angegeben.<\/p>\n<p data-start=\"5378\" data-end=\"5414\">Diese Cookies sind erforderlich, um:<\/p>\n<ul data-start=\"5416\" data-end=\"5539\">\n<li data-start=\"5416\" data-end=\"5445\">\n<p data-start=\"5418\" data-end=\"5445\">Nutzerkonten zu verwalten<\/p>\n<\/li>\n<li data-start=\"5446\" data-end=\"5484\">\n<p data-start=\"5448\" data-end=\"5484\">Login-Sitzungen aufrechtzuerhalten<\/p>\n<\/li>\n<li data-start=\"5485\" data-end=\"5539\">\n<p data-start=\"5487\" data-end=\"5539\">grundlegende Funktionen der Website bereitzustellen.<\/p>\n<\/li>\n<\/ul>\n<p data-start=\"5541\" data-end=\"5557\">Rechtsgrundlage:<\/p>\n<p data-start=\"5559\" data-end=\"5586\">Art. 6 Abs. 1 lit. f DSGVO.<\/p>\n<p data-start=\"5588\" data-end=\"5706\">Sofern k\u00fcnftig Analyse- oder Marketing-Cookies eingesetzt werden, wird hierf\u00fcr eine gesonderte Einwilligung eingeholt.<\/p>\n<hr data-start=\"5708\" data-end=\"5711\" \/>\n<h1 data-start=\"5713\" data-end=\"5732\">11. Speicherdauer<\/h1>\n<p data-start=\"5734\" data-end=\"5841\">Personenbezogene Daten werden nur so lange gespeichert, wie dies f\u00fcr den jeweiligen Zweck erforderlich ist.<\/p>\n<p data-start=\"5843\" data-end=\"5935\">Gesetzliche Aufbewahrungspflichten (z. B. nach Handels- oder Steuerrecht) bleiben unber\u00fchrt.<\/p>\n<hr data-start=\"5937\" data-end=\"5940\" \/>\n<h1 data-start=\"5942\" data-end=\"5963\">12. Datensicherheit<\/h1>\n<p data-start=\"5965\" data-end=\"6058\">Wir verwenden geeignete technische und organisatorische Ma\u00dfnahmen, um Ihre Daten zu sch\u00fctzen.<\/p>\n<p data-start=\"6060\" data-end=\"6088\">Hierzu geh\u00f6ren insbesondere:<\/p>\n<ul data-start=\"6090\" data-end=\"6200\">\n<li data-start=\"6090\" data-end=\"6133\">\n<p data-start=\"6092\" data-end=\"6133\">verschl\u00fcsselte Daten\u00fcbertragung (HTTPS)<\/p>\n<\/li>\n<li data-start=\"6134\" data-end=\"6160\">\n<p data-start=\"6136\" data-end=\"6160\">Zugriffsbeschr\u00e4nkungen<\/p>\n<\/li>\n<li data-start=\"6161\" data-end=\"6200\">\n<p data-start=\"6163\" data-end=\"6200\">regelm\u00e4\u00dfige Sicherheits\u00fcberpr\u00fcfungen.<\/p>\n<\/li>\n<\/ul>\n<hr data-start=\"6202\" data-end=\"6205\" \/>\n<h1 data-start=\"6207\" data-end=\"6244\">13. Rechte der betroffenen Personen<\/h1>\n<p data-start=\"6246\" data-end=\"6272\">Sie haben folgende Rechte:<\/p>\n<ul data-start=\"6274\" data-end=\"6505\">\n<li data-start=\"6274\" data-end=\"6302\">\n<p data-start=\"6276\" data-end=\"6302\">Auskunft (Art. 15 DSGVO)<\/p>\n<\/li>\n<li data-start=\"6303\" data-end=\"6335\">\n<p data-start=\"6305\" data-end=\"6335\">Berichtigung (Art. 16 DSGVO)<\/p>\n<\/li>\n<li data-start=\"6336\" data-end=\"6364\">\n<p data-start=\"6338\" data-end=\"6364\">L\u00f6schung (Art. 17 DSGVO)<\/p>\n<\/li>\n<li data-start=\"6365\" data-end=\"6415\">\n<p data-start=\"6367\" data-end=\"6415\">Einschr\u00e4nkung der Verarbeitung (Art. 18 DSGVO)<\/p>\n<\/li>\n<li data-start=\"6416\" data-end=\"6456\">\n<p data-start=\"6418\" data-end=\"6456\">Daten\u00fcbertragbarkeit (Art. 20 DSGVO)<\/p>\n<\/li>\n<li data-start=\"6457\" data-end=\"6505\">\n<p data-start=\"6459\" data-end=\"6505\">Widerspruch gegen Verarbeitung (Art. 21 DSGVO)<\/p>\n<\/li>\n<\/ul>\n<p data-start=\"6507\" data-end=\"6571\">Zur Aus\u00fcbung Ihrer Rechte k\u00f6nnen Sie uns jederzeit kontaktieren.<\/p>\n<hr data-start=\"6573\" data-end=\"6576\" \/>\n<h1 data-start=\"6578\" data-end=\"6599\">14. Beschwerderecht<\/h1>\n<p data-start=\"6601\" data-end=\"6679\">Sie haben das Recht, sich bei einer Datenschutzaufsichtsbeh\u00f6rde zu beschweren.<\/p>\n<p data-start=\"6681\" data-end=\"6779\">Zust\u00e4ndig ist insbesondere die Datenschutzbeh\u00f6rde Ihres Wohnortes oder unseres Unternehmenssitzes.<\/p>\n<hr data-start=\"6781\" data-end=\"6784\" \/>\n<h1 data-start=\"6786\" data-end=\"6830\">15. \u00c4nderungen dieser Datenschutzerkl\u00e4rung<\/h1>\n<p data-start=\"6832\" data-end=\"6897\">Diese Datenschutzerkl\u00e4rung ist aktuell g\u00fcltig (Stand: M\u00e4rz 2026).<\/p>\n<p data-start=\"6899\" data-end=\"7013\">Durch Weiterentwicklung der Website oder aufgrund gesetzlicher \u00c4nderungen kann eine Anpassung erforderlich werden.<\/p>\n","protected":false},"excerpt":{"rendered":"<div class=\"mh-excerpt\">Datenschutzerkl\u00e4rung der Plattform Song1.de 1. Verantwortlicher Verantwortlich f\u00fcr die Datenverarbeitung auf dieser Website ist: Wolter-Rousseaux GmbHSong1.deHerr Sven Wolter-Rousseaux (ViSdP)Gutenbergring 4122848 NorderstedtDeutschland Telefon: 040 64 666 1600E-Mail: info@song1.de 2. Allgemeine Hinweise zur Datenverarbeitung Der Schutz Ihrer <a class=\"mh-excerpt-more\" href=\"https:\/\/song1.de\/index.php\/datenschutzbestimmungen\/\" title=\"Datenschutzbestimmungen\">[&#8230;]<\/a><\/div>\n","protected":false},"author":1,"featured_media":0,"parent":0,"menu_order":0,"comment_status":"closed","ping_status":"closed","template":"","meta":{"footnotes":""},"class_list":["post-595","page","type-page","status-publish"],"_links":{"self":[{"href":"https:\/\/song1.de\/index.php\/wp-json\/wp\/v2\/pages\/595","targetHints":{"allow":["GET"]}}],"collection":[{"href":"https:\/\/song1.de\/index.php\/wp-json\/wp\/v2\/pages"}],"about":[{"href":"https:\/\/song1.de\/index.php\/wp-json\/wp\/v2\/types\/page"}],"author":[{"embeddable":true,"href":"https:\/\/song1.de\/index.php\/wp-json\/wp\/v2\/users\/1"}],"replies":[{"embeddable":true,"href":"https:\/\/song1.de\/index.php\/wp-json\/wp\/v2\/comments?post=595"}],"version-history":[{"count":3,"href":"https:\/\/song1.de\/index.php\/wp-json\/wp\/v2\/pages\/595\/revisions"}],"predecessor-version":[{"id":2097,"href":"https:\/\/song1.de\/index.php\/wp-json\/wp\/v2\/pages\/595\/revisions\/2097"}],"wp:attachment":[{"href":"https:\/\/song1.de\/index.php\/wp-json\/wp\/v2\/media?parent=595"}],"curies":[{"name":"wp","href":"https:\/\/api.w.org\/{rel}","templated":true}]}}